{"id":10,"date":"2024-08-21T11:37:44","date_gmt":"2024-08-21T11:37:44","guid":{"rendered":"https:\/\/dreamy-wiles.195-242-102-181.plesk.page\/?page_id=10"},"modified":"2024-09-02T13:02:57","modified_gmt":"2024-09-02T13:02:57","slug":"start","status":"publish","type":"page","link":"https:\/\/dreamy-wiles.195-242-102-181.plesk.page\/","title":{"rendered":"Start"},"content":{"rendered":"\t\t<div data-elementor-type=\"wp-page\" data-elementor-id=\"10\" class=\"elementor elementor-10\" data-elementor-post-type=\"page\">\n\t\t\t\t\t\t<section class=\"elementor-section elementor-top-section elementor-element elementor-element-134ee290 elementor-section-height-full elementor-section-boxed elementor-section-height-default elementor-section-items-middle\" data-id=\"134ee290\" data-element_type=\"section\" data-settings=\"{&quot;background_background&quot;:&quot;classic&quot;}\">\n\t\t\t\t\t\t\t<div class=\"elementor-background-overlay\"><\/div>\n\t\t\t\t\t\t\t<div class=\"elementor-container elementor-column-gap-default\">\n\t\t\t\t\t<div class=\"elementor-column elementor-col-100 elementor-top-column elementor-element elementor-element-7961ba9b\" data-id=\"7961ba9b\" data-element_type=\"column\">\n\t\t\t<div class=\"elementor-widget-wrap elementor-element-populated\">\n\t\t\t\t\t\t<div class=\"elementor-element elementor-element-60a4c82 elementor-invisible elementor-widget elementor-widget-heading\" data-id=\"60a4c82\" data-element_type=\"widget\" data-settings=\"{&quot;_animation&quot;:&quot;zoomIn&quot;}\" data-widget_type=\"heading.default\">\n\t\t\t\t<div class=\"elementor-widget-container\">\n\t\t\t<style>\/*! elementor - v3.23.0 - 05-08-2024 *\/\n.elementor-heading-title{padding:0;margin:0;line-height:1}.elementor-widget-heading .elementor-heading-title[class*=elementor-size-]>a{color:inherit;font-size:inherit;line-height:inherit}.elementor-widget-heading .elementor-heading-title.elementor-size-small{font-size:15px}.elementor-widget-heading .elementor-heading-title.elementor-size-medium{font-size:19px}.elementor-widget-heading .elementor-heading-title.elementor-size-large{font-size:29px}.elementor-widget-heading .elementor-heading-title.elementor-size-xl{font-size:39px}.elementor-widget-heading .elementor-heading-title.elementor-size-xxl{font-size:59px}<\/style><h3 class=\"elementor-heading-title elementor-size-default\">Erinnerungen bewahren und w\u00fcrdevoll Abschied nehmen<\/h3>\t\t<\/div>\n\t\t\t\t<\/div>\n\t\t\t\t<div class=\"elementor-element elementor-element-fd2df82 elementor-align-center elementor-widget elementor-widget-button\" data-id=\"fd2df82\" data-element_type=\"widget\" data-widget_type=\"button.default\">\n\t\t\t\t<div class=\"elementor-widget-container\">\n\t\t\t\t\t<div class=\"elementor-button-wrapper\">\n\t\t\t<a class=\"elementor-button elementor-button-link elementor-size-sm\" href=\"#pers\u00f6nlich\">\n\t\t\t\t\t\t<span class=\"elementor-button-content-wrapper\">\n\t\t\t\t\t\t\t\t\t<span class=\"elementor-button-text\">Reden mit dem Blick aufs Wesentliche<\/span>\n\t\t\t\t\t<\/span>\n\t\t\t\t\t<\/a>\n\t\t<\/div>\n\t\t\t\t<\/div>\n\t\t\t\t<\/div>\n\t\t\t\t\t<\/div>\n\t\t<\/div>\n\t\t\t\t\t<\/div>\n\t\t<\/section>\n\t\t<div class=\"elementor-element elementor-element-b408b70 e-flex e-con-boxed e-con e-parent\" data-id=\"b408b70\" data-element_type=\"container\" id=\"abschied\">\n\t\t\t\t\t<div class=\"e-con-inner\">\n\t\t\t\t<div class=\"elementor-element elementor-element-5fe151c elementor-widget elementor-widget-heading\" data-id=\"5fe151c\" data-element_type=\"widget\" data-widget_type=\"heading.default\">\n\t\t\t\t<div class=\"elementor-widget-container\">\n\t\t\t<h1 class=\"elementor-heading-title elementor-size-large\">Ihr Trauerredner Martin Kim Kopfermann<\/h1>\t\t<\/div>\n\t\t\t\t<\/div>\n\t\t\t\t\t<\/div>\n\t\t\t\t<\/div>\n\t\t\t\t<section class=\"elementor-section elementor-top-section elementor-element elementor-element-383b8cc6 elementor-section-content-middle elementor-section-boxed elementor-section-height-default elementor-section-height-default\" data-id=\"383b8cc6\" data-element_type=\"section\" id=\"abschied\" data-settings=\"{&quot;background_background&quot;:&quot;classic&quot;}\">\n\t\t\t\t\t\t<div class=\"elementor-container elementor-column-gap-no\">\n\t\t\t\t\t<div class=\"elementor-column elementor-col-100 elementor-top-column elementor-element elementor-element-4b6b8b95\" data-id=\"4b6b8b95\" data-element_type=\"column\">\n\t\t\t<div class=\"elementor-widget-wrap elementor-element-populated\">\n\t\t\t\t\t\t<section class=\"elementor-section elementor-inner-section elementor-element elementor-element-13875b82 elementor-section-boxed elementor-section-height-default elementor-section-height-default\" data-id=\"13875b82\" data-element_type=\"section\">\n\t\t\t\t\t\t\t<div class=\"elementor-background-overlay\"><\/div>\n\t\t\t\t\t\t\t<div class=\"elementor-container elementor-column-gap-default\">\n\t\t\t\t\t<div class=\"elementor-column elementor-col-50 elementor-inner-column elementor-element elementor-element-1946eb3c\" data-id=\"1946eb3c\" data-element_type=\"column\">\n\t\t\t<div class=\"elementor-widget-wrap elementor-element-populated\">\n\t\t\t\t\t\t<div class=\"elementor-element elementor-element-cbc9992 elementor-widget elementor-widget-heading\" data-id=\"cbc9992\" data-element_type=\"widget\" data-widget_type=\"heading.default\">\n\t\t\t\t<div class=\"elementor-widget-container\">\n\t\t\t<h1 class=\"elementor-heading-title elementor-size-large\">Abschied nehmen \u2013 mit W\u00fcrde und Stil<\/h1>\t\t<\/div>\n\t\t\t\t<\/div>\n\t\t\t\t<div class=\"elementor-element elementor-element-15e2f7d5 elementor-widget elementor-widget-text-editor\" data-id=\"15e2f7d5\" data-element_type=\"widget\" data-widget_type=\"text-editor.default\">\n\t\t\t\t<div class=\"elementor-widget-container\">\n\t\t\t<style>\/*! elementor - v3.23.0 - 05-08-2024 *\/\n.elementor-widget-text-editor.elementor-drop-cap-view-stacked .elementor-drop-cap{background-color:#69727d;color:#fff}.elementor-widget-text-editor.elementor-drop-cap-view-framed .elementor-drop-cap{color:#69727d;border:3px solid;background-color:transparent}.elementor-widget-text-editor:not(.elementor-drop-cap-view-default) .elementor-drop-cap{margin-top:8px}.elementor-widget-text-editor:not(.elementor-drop-cap-view-default) .elementor-drop-cap-letter{width:1em;height:1em}.elementor-widget-text-editor .elementor-drop-cap{float:left;text-align:center;line-height:1;font-size:50px}.elementor-widget-text-editor .elementor-drop-cap-letter{display:inline-block}<\/style>\t\t\t\t<p>Jeder Mensch verdient einen stilvollen Abschied \u2013 und auch die Hinterbliebenen sollten die M\u00f6glichkeit haben, ihrem Familienmitglied auf w\u00fcrdevolle Art und Weise \u201eLebewohl\u201c zu sagen. Ihnen allen geb\u00fchrt eine Trauerrede, die dem oder der Verstorbenen, dem Charakter und dem jeweiligen Lebenswerk tats\u00e4chlich gerecht wird. Ehrlich, pers\u00f6nlich und aufbauend.<\/p><p>Mitglied einer Kirche oder einer anderen religi\u00f6sen Gemeinschaft zu sein, ist heute alles andere als selbstverst\u00e4ndlich. Jenseits der klassischen Beerdigungen und Beisetzungen entscheiden sich daher immer mehr Menschen bereits zu Lebzeiten, den Weg zu ihrer letzten Ruhe nicht mit kirchlichen W\u00fcrdentr\u00e4gern anzutreten. In solchen F\u00e4llen, oder oft auch in diesbez\u00fcglich ungeregelten Situationen, begleiten freie Redner wie ich die Trauerfeier, um einen zu der Person in jeder Hinsicht passenden Abschluss zu finden.<\/p>\t\t\t\t\t\t<\/div>\n\t\t\t\t<\/div>\n\t\t\t\t\t<\/div>\n\t\t<\/div>\n\t\t\t\t<div class=\"elementor-column elementor-col-50 elementor-inner-column elementor-element elementor-element-7cecf48\" data-id=\"7cecf48\" data-element_type=\"column\">\n\t\t\t<div class=\"elementor-widget-wrap elementor-element-populated\">\n\t\t\t\t\t\t<div class=\"elementor-element elementor-element-283f581 elementor-position-top elementor-widget elementor-widget-image-box\" data-id=\"283f581\" data-element_type=\"widget\" data-widget_type=\"image-box.default\">\n\t\t\t\t<div class=\"elementor-widget-container\">\n\t\t\t<style>\/*! elementor - v3.23.0 - 05-08-2024 *\/\n.elementor-widget-image-box .elementor-image-box-content{width:100%}@media (min-width:768px){.elementor-widget-image-box.elementor-position-left .elementor-image-box-wrapper,.elementor-widget-image-box.elementor-position-right .elementor-image-box-wrapper{display:flex}.elementor-widget-image-box.elementor-position-right .elementor-image-box-wrapper{text-align:end;flex-direction:row-reverse}.elementor-widget-image-box.elementor-position-left .elementor-image-box-wrapper{text-align:start;flex-direction:row}.elementor-widget-image-box.elementor-position-top .elementor-image-box-img{margin:auto}.elementor-widget-image-box.elementor-vertical-align-top .elementor-image-box-wrapper{align-items:flex-start}.elementor-widget-image-box.elementor-vertical-align-middle .elementor-image-box-wrapper{align-items:center}.elementor-widget-image-box.elementor-vertical-align-bottom .elementor-image-box-wrapper{align-items:flex-end}}@media (max-width:767px){.elementor-widget-image-box .elementor-image-box-img{margin-left:auto!important;margin-right:auto!important;margin-bottom:15px}}.elementor-widget-image-box .elementor-image-box-img{display:inline-block}.elementor-widget-image-box .elementor-image-box-title a{color:inherit}.elementor-widget-image-box .elementor-image-box-wrapper{text-align:center}.elementor-widget-image-box .elementor-image-box-description{margin:0}<\/style><div class=\"elementor-image-box-wrapper\"><figure class=\"elementor-image-box-img\"><img fetchpriority=\"high\" decoding=\"async\" width=\"4177\" height=\"5461\" src=\"https:\/\/dreamy-wiles.195-242-102-181.plesk.page\/wp-content\/uploads\/2024\/08\/IMG_8265_1-e1725279116602.jpg\" class=\"attachment-full size-full wp-image-182\" alt=\"\" srcset=\"https:\/\/dreamy-wiles.195-242-102-181.plesk.page\/wp-content\/uploads\/2024\/08\/IMG_8265_1-e1725279116602.jpg 4177w, https:\/\/dreamy-wiles.195-242-102-181.plesk.page\/wp-content\/uploads\/2024\/08\/IMG_8265_1-e1725279116602-229x300.jpg 229w, https:\/\/dreamy-wiles.195-242-102-181.plesk.page\/wp-content\/uploads\/2024\/08\/IMG_8265_1-e1725279116602-783x1024.jpg 783w, https:\/\/dreamy-wiles.195-242-102-181.plesk.page\/wp-content\/uploads\/2024\/08\/IMG_8265_1-e1725279116602-768x1004.jpg 768w, https:\/\/dreamy-wiles.195-242-102-181.plesk.page\/wp-content\/uploads\/2024\/08\/IMG_8265_1-e1725279116602-1175x1536.jpg 1175w, https:\/\/dreamy-wiles.195-242-102-181.plesk.page\/wp-content\/uploads\/2024\/08\/IMG_8265_1-e1725279116602-1566x2048.jpg 1566w\" sizes=\"(max-width: 4177px) 100vw, 4177px\" \/><\/figure><\/div>\t\t<\/div>\n\t\t\t\t<\/div>\n\t\t\t\t\t<\/div>\n\t\t<\/div>\n\t\t\t\t\t<\/div>\n\t\t<\/section>\n\t\t\t\t<section class=\"elementor-section elementor-inner-section elementor-element elementor-element-bb3d25b elementor-section-boxed elementor-section-height-default elementor-section-height-default\" data-id=\"bb3d25b\" data-element_type=\"section\">\n\t\t\t\t\t\t\t<div class=\"elementor-background-overlay\"><\/div>\n\t\t\t\t\t\t\t<div class=\"elementor-container elementor-column-gap-default\">\n\t\t\t\t\t<div class=\"elementor-column elementor-col-100 elementor-inner-column elementor-element elementor-element-2b39622\" data-id=\"2b39622\" data-element_type=\"column\">\n\t\t\t<div class=\"elementor-widget-wrap elementor-element-populated\">\n\t\t\t\t\t\t<div class=\"elementor-element elementor-element-9256642 elementor-widget elementor-widget-heading\" data-id=\"9256642\" data-element_type=\"widget\" data-widget_type=\"heading.default\">\n\t\t\t\t<div class=\"elementor-widget-container\">\n\t\t\t<h3 class=\"elementor-heading-title elementor-size-large\">Ein tr\u00f6stender Blick zur\u00fcck<\/h3>\t\t<\/div>\n\t\t\t\t<\/div>\n\t\t\t\t<div class=\"elementor-element elementor-element-f4d20bb elementor-widget elementor-widget-text-editor\" data-id=\"f4d20bb\" data-element_type=\"widget\" data-widget_type=\"text-editor.default\">\n\t\t\t\t<div class=\"elementor-widget-container\">\n\t\t\t\t\t\t\t<p>Als \u00fcberkonfessioneller Trauerredner m\u00f6chte ich gemeinsam mit den Angeh\u00f6rigen und Freunden einen letzten Blick zur\u00fcck auf ein bewegtes Leben werfen und mich auf das konzentrieren, was diesen Menschen ausgemacht hat. Wir lassen die wichtigsten Momente Revue passieren, widmen uns den Menschen, die ihm oder ihr besonders wertvoll waren, und den Dingen, f\u00fcr die er oder sie sich begeistern konnte. Gibt es markante Anekdoten zu berichten, d\u00fcrfen diese nat\u00fcrlich nicht fehlen. Was bleibt, ist eine ehrliche R\u00fcckschau, die nicht alles sch\u00f6nredet, aber das Positive besonders hell erstrahlen l\u00e4sst. Vor allem geht es um Wertsch\u00e4tzung gegen\u00fcber der verstorbenen Person \u2013 und um Trost f\u00fcr all jene, die sie vermissen.<\/p>\t\t\t\t\t\t<\/div>\n\t\t\t\t<\/div>\n\t\t\t\t\t<\/div>\n\t\t<\/div>\n\t\t\t\t\t<\/div>\n\t\t<\/section>\n\t\t\t\t<section class=\"elementor-section elementor-inner-section elementor-element elementor-element-e4a60ae elementor-section-boxed elementor-section-height-default elementor-section-height-default\" data-id=\"e4a60ae\" data-element_type=\"section\" id=\"begleitung\">\n\t\t\t\t\t\t\t<div class=\"elementor-background-overlay\"><\/div>\n\t\t\t\t\t\t\t<div class=\"elementor-container elementor-column-gap-default\">\n\t\t\t\t\t<div class=\"elementor-column elementor-col-100 elementor-inner-column elementor-element elementor-element-15bb282\" data-id=\"15bb282\" data-element_type=\"column\">\n\t\t\t<div class=\"elementor-widget-wrap elementor-element-populated\">\n\t\t\t\t\t\t<div class=\"elementor-element elementor-element-7f25bb2 elementor-widget elementor-widget-heading\" data-id=\"7f25bb2\" data-element_type=\"widget\" data-widget_type=\"heading.default\">\n\t\t\t\t<div class=\"elementor-widget-container\">\n\t\t\t<h3 class=\"elementor-heading-title elementor-size-large\"> Begleitung zur letzten Ruhe \u2013 gut vorbereitet!<\/h3>\t\t<\/div>\n\t\t\t\t<\/div>\n\t\t\t\t<div class=\"elementor-element elementor-element-510f7a3 elementor-widget elementor-widget-text-editor\" data-id=\"510f7a3\" data-element_type=\"widget\" data-widget_type=\"text-editor.default\">\n\t\t\t\t<div class=\"elementor-widget-container\">\n\t\t\t\t\t\t\t<p>Ob Friedwald, Friedhof oder eine andere Ruhest\u00e4tte: Gerade die Trauerfeier ist die richtige Zeit und der passende Ort f\u00fcr wahre, treffende Worte und all das, was die Menschen miteinander verbindet. Nicht umsonst hei\u00dft es \u201eTrauerfeier\u201c: Neben der angemessenen Trauer sollten wir uns auch des Lebens erinnern und es feiern!<\/p><p>Selbstverst\u00e4ndlich: Eine ganze Lebensgeschichte l\u00e4sst sich nicht in 15 bis 20 Minuten erz\u00e4hlen und zusammenfassen. Doch mit langj\u00e4hriger Erfahrung und viel Einf\u00fchlungsverm\u00f6gen gelingt es mir in der Regel bereits in einem ersten Gespr\u00e4ch, genug \u00fcber den Menschen zu erfahren, von dem wir Abschied nehmen \u2013 und zwar so, dass die an der Trauerfeier Teilnehmenden einiges wiedererkennen und bestimmt auch die eine oder andere neue Facette erleben werden.<\/p><p>Mir liegt es am Herzen, den Angeh\u00f6rigen auch einen Teil der Last zu nehmen, die mit den organisatorischen Aufgaben des Abschiednehmens stets zusammenh\u00e4ngt. Wer sich innerlich gerade damit besch\u00e4ftigt, sich von einem geliebten Menschen zu verabschieden, sollte sich auch hierauf besinnen d\u00fcrfen. Derweil stimme ich mich im Vorfeld der Trauerfeier mit dem Bestattungsinstitut und allen anderen ab, die in diesem Fall einzubeziehen sind.<\/p>\t\t\t\t\t\t<\/div>\n\t\t\t\t<\/div>\n\t\t\t\t\t<\/div>\n\t\t<\/div>\n\t\t\t\t\t<\/div>\n\t\t<\/section>\n\t\t\t\t<section class=\"elementor-section elementor-inner-section elementor-element elementor-element-fdae175 elementor-section-boxed elementor-section-height-default elementor-section-height-default\" data-id=\"fdae175\" data-element_type=\"section\" id=\"pers\u00f6nlich\">\n\t\t\t\t\t\t\t<div class=\"elementor-background-overlay\"><\/div>\n\t\t\t\t\t\t\t<div class=\"elementor-container elementor-column-gap-default\">\n\t\t\t\t\t<div class=\"elementor-column elementor-col-50 elementor-inner-column elementor-element elementor-element-0c6a03b\" data-id=\"0c6a03b\" data-element_type=\"column\">\n\t\t\t<div class=\"elementor-widget-wrap elementor-element-populated\">\n\t\t\t\t\t\t<div class=\"elementor-element elementor-element-4906b43 elementor-widget elementor-widget-heading\" data-id=\"4906b43\" data-element_type=\"widget\" data-widget_type=\"heading.default\">\n\t\t\t\t<div class=\"elementor-widget-container\">\n\t\t\t<h3 class=\"elementor-heading-title elementor-size-large\">Martin Kim Kopfermann \u2013 pers\u00f6nlich<\/h3>\t\t<\/div>\n\t\t\t\t<\/div>\n\t\t\t\t<div class=\"elementor-element elementor-element-5a76d1b elementor-widget elementor-widget-text-editor\" data-id=\"5a76d1b\" data-element_type=\"widget\" data-widget_type=\"text-editor.default\">\n\t\t\t\t<div class=\"elementor-widget-container\">\n\t\t\t\t\t\t\t<p>Vor Menschen zu sprechen, bereitet mir gro\u00dfe Freude \u2013 insbesondere, wenn ich damit etwas Gutes bewirken kann.<\/p><p>Dies habe ich beispielsweise als Lehrer an der Volkshochschule oder auch als Trainer bzw. Coach mit Schwerpunkt im Raum Ostwestfalen immer genossen, wenn es mir gelang, Menschen dabei zu unterst\u00fctzen, ihre Talente und F\u00e4higkeiten weiterzuentwickeln. \u00c4hnlich verh\u00e4lt es sich mit meiner Rolle als Mediator, in der ich schon oft helfen konnte, berufliche oder private Konflikte beizulegen.<\/p>\t\t\t\t\t\t<\/div>\n\t\t\t\t<\/div>\n\t\t\t\t\t<\/div>\n\t\t<\/div>\n\t\t\t\t<div class=\"elementor-column elementor-col-50 elementor-inner-column elementor-element elementor-element-6e6b1b6\" data-id=\"6e6b1b6\" data-element_type=\"column\">\n\t\t\t<div class=\"elementor-widget-wrap elementor-element-populated\">\n\t\t\t\t\t\t<div class=\"elementor-element elementor-element-f9a0087 elementor-position-top elementor-widget elementor-widget-image-box\" data-id=\"f9a0087\" data-element_type=\"widget\" data-widget_type=\"image-box.default\">\n\t\t\t\t<div class=\"elementor-widget-container\">\n\t\t\t<div class=\"elementor-image-box-wrapper\"><figure class=\"elementor-image-box-img\"><img decoding=\"async\" width=\"1142\" height=\"1344\" src=\"https:\/\/dreamy-wiles.195-242-102-181.plesk.page\/wp-content\/uploads\/2024\/08\/PhotoRoom_20230512_190837-e1724407471570.jpg\" class=\"attachment-full size-full wp-image-164\" alt=\"\" srcset=\"https:\/\/dreamy-wiles.195-242-102-181.plesk.page\/wp-content\/uploads\/2024\/08\/PhotoRoom_20230512_190837-e1724407471570.jpg 1142w, https:\/\/dreamy-wiles.195-242-102-181.plesk.page\/wp-content\/uploads\/2024\/08\/PhotoRoom_20230512_190837-e1724407471570-255x300.jpg 255w, https:\/\/dreamy-wiles.195-242-102-181.plesk.page\/wp-content\/uploads\/2024\/08\/PhotoRoom_20230512_190837-e1724407471570-870x1024.jpg 870w, https:\/\/dreamy-wiles.195-242-102-181.plesk.page\/wp-content\/uploads\/2024\/08\/PhotoRoom_20230512_190837-e1724407471570-768x904.jpg 768w\" sizes=\"(max-width: 1142px) 100vw, 1142px\" \/><\/figure><\/div>\t\t<\/div>\n\t\t\t\t<\/div>\n\t\t\t\t\t<\/div>\n\t\t<\/div>\n\t\t\t\t\t<\/div>\n\t\t<\/section>\n\t\t\t\t<section class=\"elementor-section elementor-inner-section elementor-element elementor-element-cff44d1 elementor-section-boxed elementor-section-height-default elementor-section-height-default\" data-id=\"cff44d1\" data-element_type=\"section\">\n\t\t\t\t\t\t\t<div class=\"elementor-background-overlay\"><\/div>\n\t\t\t\t\t\t\t<div class=\"elementor-container elementor-column-gap-default\">\n\t\t\t\t\t<div class=\"elementor-column elementor-col-100 elementor-inner-column elementor-element elementor-element-1638d2e\" data-id=\"1638d2e\" data-element_type=\"column\">\n\t\t\t<div class=\"elementor-widget-wrap elementor-element-populated\">\n\t\t\t\t\t\t<div class=\"elementor-element elementor-element-cf1c9e2 elementor-widget elementor-widget-heading\" data-id=\"cf1c9e2\" data-element_type=\"widget\" data-widget_type=\"heading.default\">\n\t\t\t\t<div class=\"elementor-widget-container\">\n\t\t\t<h3 class=\"elementor-heading-title elementor-size-large\">Herzensangelegenheiten und Zuversicht<\/h3>\t\t<\/div>\n\t\t\t\t<\/div>\n\t\t\t\t<div class=\"elementor-element elementor-element-24ebb0f elementor-widget elementor-widget-text-editor\" data-id=\"24ebb0f\" data-element_type=\"widget\" data-widget_type=\"text-editor.default\">\n\t\t\t\t<div class=\"elementor-widget-container\">\n\t\t\t\t\t\t\t<p>Trauungen habe ich als Redner ebenfalls schon sehr h\u00e4ufig begleitet. Es geh\u00f6rt viel Empathie und Enthusiasmus dazu, jungen Paaren auf dem Weg zum ehelichen Gl\u00fcck genau die richtigen Worte mitzugeben. Auch dies ist immer sehr erf\u00fcllend. Doch ich habe f\u00fcr mich pers\u00f6nlich erkannt, dass es gerade die schmerzlichen Momente sind, in denen ich mit meinen Reden etwas bewirken kann, das in diesem Augenblick besonders ben\u00f6tigt wird: Trost und Zuversicht.<\/p><p>Vielleicht liegt es auch in meiner westf\u00e4lischen Natur, den Blick schnell auf das Wesentliche zu richten. Zuh\u00f6ren, wertsch\u00e4tzen, unterst\u00fctzen: Von meinem Heimatort Bad Oeynhausen aus bin ich gern pers\u00f6nlich f\u00fcr Sie da, beispielsweise im Weserbergland wie auch im M\u00fcnsterland oder in der nieders\u00e4chsischen Nachbarschaft \u2013 mit einer Trauerrede, die von Herzen kommt und die Herzen erreicht.<\/p><p>Ich habe immer ein offenes Ohr f\u00fcr Ihr Anliegen. Nehmen Sie gleich Kontakt auf, um mehr \u00fcber mich und meine Leistungen f\u00fcr Sie zu erfahren!<\/p>\t\t\t\t\t\t<\/div>\n\t\t\t\t<\/div>\n\t\t\t\t\t<\/div>\n\t\t<\/div>\n\t\t\t\t\t<\/div>\n\t\t<\/section>\n\t\t\t\t\t<\/div>\n\t\t<\/div>\n\t\t\t\t\t<\/div>\n\t\t<\/section>\n\t\t\t\t<\/div>\n\t\t","protected":false},"excerpt":{"rendered":"<p>Erinnerungen bewahren und w\u00fcrdevoll Abschied nehmen Reden mit dem Blick aufs Wesentliche Ihr Trauerredner Martin Kim Kopfermann Abschied nehmen \u2013 mit W\u00fcrde und Stil Jeder Mensch verdient einen stilvollen Abschied \u2013 und auch die Hinterbliebenen sollten die M\u00f6glichkeit haben, ihrem Familienmitglied auf w\u00fcrdevolle Art und Weise \u201eLebewohl\u201c zu sagen. Ihnen allen geb\u00fchrt eine Trauerrede, die [&hellip;]<\/p>\n","protected":false},"author":1,"featured_media":0,"parent":0,"menu_order":0,"comment_status":"closed","ping_status":"closed","template":"elementor_header_footer","meta":{"footnotes":""},"class_list":["post-10","page","type-page","status-publish","hentry"],"_links":{"self":[{"href":"https:\/\/dreamy-wiles.195-242-102-181.plesk.page\/index.php\/wp-json\/wp\/v2\/pages\/10","targetHints":{"allow":["GET"]}}],"collection":[{"href":"https:\/\/dreamy-wiles.195-242-102-181.plesk.page\/index.php\/wp-json\/wp\/v2\/pages"}],"about":[{"href":"https:\/\/dreamy-wiles.195-242-102-181.plesk.page\/index.php\/wp-json\/wp\/v2\/types\/page"}],"author":[{"embeddable":true,"href":"https:\/\/dreamy-wiles.195-242-102-181.plesk.page\/index.php\/wp-json\/wp\/v2\/users\/1"}],"replies":[{"embeddable":true,"href":"https:\/\/dreamy-wiles.195-242-102-181.plesk.page\/index.php\/wp-json\/wp\/v2\/comments?post=10"}],"version-history":[{"count":250,"href":"https:\/\/dreamy-wiles.195-242-102-181.plesk.page\/index.php\/wp-json\/wp\/v2\/pages\/10\/revisions"}],"predecessor-version":[{"id":369,"href":"https:\/\/dreamy-wiles.195-242-102-181.plesk.page\/index.php\/wp-json\/wp\/v2\/pages\/10\/revisions\/369"}],"wp:attachment":[{"href":"https:\/\/dreamy-wiles.195-242-102-181.plesk.page\/index.php\/wp-json\/wp\/v2\/media?parent=10"}],"curies":[{"name":"wp","href":"https:\/\/api.w.org\/{rel}","templated":true}]}}